{"id":7370,"date":"2025-11-18T13:14:26","date_gmt":"2025-11-18T13:14:26","guid":{"rendered":"https:\/\/releasenow.org\/about-us-2\/"},"modified":"2025-11-20T11:05:33","modified_gmt":"2025-11-20T11:05:33","slug":"about-us","status":"publish","type":"page","link":"https:\/\/releasenow.org\/de\/woo\/about-us\/","title":{"rendered":"\u00dcber das Projekt"},"content":{"rendered":"<div class=\"fusion-fullwidth fullwidth-box fusion-builder-row-1 fusion-flex-container has-pattern-background has-mask-background hundred-percent-fullwidth non-hundred-percent-height-scrolling\" style=\"--awb-border-radius-top-left:0px;--awb-border-radius-top-right:0px;--awb-border-radius-bottom-right:0px;--awb-border-radius-bottom-left:0px;--awb-padding-top:70px;--awb-padding-right:80px;--awb-padding-bottom:60px;--awb-padding-left:80px;--awb-padding-right-medium:50px;--awb-padding-left-medium:50px;--awb-padding-top-small:50px;--awb-padding-right-small:20px;--awb-padding-left-small:20px;--awb-flex-wrap:wrap;\" ><div class=\"fusion-builder-row fusion-row fusion-flex-align-items-flex-start fusion-flex-content-wrap\" style=\"width:calc( 100% + 20px ) !important;max-width:calc( 100% + 20px ) !important;margin-left: calc(-20px \/ 2 );margin-right: calc(-20px \/ 2 );\"><div class=\"fusion-layout-column fusion_builder_column fusion-builder-column-0 fusion_builder_column_1_1 1_1 fusion-flex-column\" style=\"--awb-bg-size:cover;--awb-width-large:100%;--awb-margin-top-large:0px;--awb-spacing-right-large:10px;--awb-margin-bottom-large:0px;--awb-spacing-left-large:10px;--awb-width-medium:100%;--awb-order-medium:0;--awb-spacing-right-medium:10px;--awb-spacing-left-medium:10px;--awb-width-small:100%;--awb-order-small:0;--awb-spacing-right-small:10px;--awb-spacing-left-small:10px;\" data-scroll-devices=\"small-visibility,medium-visibility,large-visibility\"><div class=\"fusion-column-wrapper fusion-column-has-shadow fusion-flex-justify-content-flex-start fusion-content-layout-column\"><div class=\"fusion-title title fusion-title-1 fusion-sep-none fusion-title-text fusion-title-size-one\" style=\"--awb-margin-top-small:10px;--awb-margin-right-small:0px;--awb-margin-bottom-small:10px;--awb-margin-left-small:0px;\"><h1 class=\"fusion-title-heading title-heading-left\" style=\"margin:0;\">Die menschliche Dimension:<br \/>\nFenster der M\u00f6glichkeiten<\/h1><\/div><nav class=\"fusion-breadcrumbs awb-yoast-breadcrumbs fusion-breadcrumbs-1\" style=\"--awb-margin-bottom:50px;--awb-breadcrumb-sep:&#039;\/&#039;;\" aria-label=\"Breadcrumb\"><span><span><a href=\"https:\/\/releasenow.org\/de\/\">Release N:OW<\/a><\/span><\/span><\/nav><div class=\"fusion-text fusion-text-1\"><p>Dieses Fotoprojekt wurde ins Leben gerufen, um daran zu erinnern: Jede Entlassung aus einem belarusischen Gef\u00e4ngnis ist kein politischer Punktgewinn und keine Zahl in einer Statistik \u2014 sondern ein Mensch, dem das Leben und die Freiheit zur\u00fcckgegeben wurden.<\/p>\n<p>In den Jahren 2024\u20132025 f\u00fchrten humanit\u00e4re Verhandlungen zur Freilassung Dutzender politischer Gefangener in Belarus. Zum ersten Mal seit Langem schien eine breitere Welle von Entlassungen m\u00f6glich. Jede einzelne Person, die frei kam, nutzte ein schmales Fenster der Gelegenheit \u2014 ge\u00f6ffnet durch Dialog und getragen von der Idee menschlicher W\u00fcrde.<\/p>\n<p>Dieses Fotoprojekt h\u00e4lt genau diesen Moment fest. Es zeigt Menschen, die ihre Stimme erhoben, daf\u00fcr einen hohen Preis zahlten und zu Symbolen der Repression gemacht wurden. Unser Ziel ist es, ihnen ihre Subjektivit\u00e4t und Menschlichkeit zur\u00fcckzugeben. Wir wollten die Menschen sehen \u2014 nicht das Trauma: ihre Widerstandskraft, ihre F\u00e4higkeit zur Freude, ihren Wunsch, neu zu beginnen.<\/p>\n<p>W\u00e4hrend der Fotoaufnahmen sprachen sie kaum \u00fcber Politik oder Gef\u00e4ngnis. Stattdessen erz\u00e4hlten sie von Dingen, die nun wie ein Privileg sich anf\u00fcllen: von ihrer Familie, vom Blick in den offenen Himmel, von ihren H\u00e4usern und Wohnungen, \u00fcber die sie mit tiefer W\u00e4rme und Sehnsucht sprechen. Ihre leisen, oft strahlenden Gesichtsausdr\u00fccke zeigen, was Freiheit wirklich bedeutet.<\/p>\n<p>Das ist keine Geschichte \u00fcber Leid \u2014 es ist eine Geschichte \u00fcber die tiefe menschliche F\u00e4higkeit, nach einer Trag\u00f6die weiterzugehen.<\/p>\n<p>Diese Menschen sind nun frei und beginnen ihr Leben neu aufzubauen. Doch Tausende sitzen weiterhin in Haft. Auch sie brauchen diese Chance.<\/p>\n<p>Europa steht nun vor seinem eigenen entscheidenden Zeitfenster. Der humanit\u00e4re Weg f\u00fcr Freilassungen ist ge\u00f6ffnet \u2014 und der n\u00e4chste Schritt liegt bei der Europ\u00e4ischen Union: Werte in konkretes Handeln zu \u00fcbersetzen und weiteren Gefangenen in Belarus die Chance auf ein freies Leben zu geben, in ihrer Heimat, in ihrem eigenen Land. Europa sollte dabei nicht nur geopolitische Zusammenh\u00e4nge sehen, sondern vor allem die Menschen, in deren Namen es handelt.<\/p>\n<p>Diese Ausstellung ist eine Einladung, die menschliche und humanit\u00e4re Dimension dieses Themas ins Zentrum zu r\u00fccken. Es geht nicht um \u201eDruckmittel\u201c oder Verhandlungsmasse \u2014 es geht um Menschen, deren Leben gerettet werden m\u00fcssen.<\/p>\n<\/div><\/div><\/div><\/div><\/div>\n","protected":false},"excerpt":{"rendered":"","protected":false},"author":2,"featured_media":0,"parent":7373,"menu_order":0,"comment_status":"closed","ping_status":"closed","template":"100-width.php","meta":{"_acf_changed":false,"footnotes":""},"class_list":["post-7370","page","type-page","status-publish","hentry"],"acf":[],"yoast_head":"<!-- This site is optimized with the Yoast SEO plugin v27.3 - https:\/\/yoast.com\/product\/yoast-seo-wordpress\/ -->\n<title>\u00dcber das Fotoprojekt \u201eFenster der M\u00f6glichkeiten\u201c<\/title>\n<meta name=\"description\" content=\"In den Jahren 2024\u20132025 f\u00fchrten humanit\u00e4re Verhandlungen zur Freilassung Dutzender politischer Gefangener in Belarus. Zum ersten Mal seit Langem schien eine breitere Welle von Entlassungen m\u00f6glich. Jede einzelne Person, die frei kam, nutzte ein schmales Fenster der Gelegenheit \u2014 ge\u00f6ffnet durch Dialog und getragen von der Idee menschlicher W\u00fcrde.\" \/>\n<meta name=\"robots\" content=\"index, follow, max-snippet:-1, max-image-preview:large, max-video-preview:-1\" \/>\n<link rel=\"canonical\" href=\"https:\/\/releasenow.org\/de\/woo\/about-us\/\" \/>\n<meta property=\"og:locale\" content=\"de_DE\" \/>\n<meta property=\"og:type\" content=\"article\" \/>\n<meta property=\"og:title\" content=\"\u00dcber das Fotoprojekt \u201eFenster der M\u00f6glichkeiten\u201c\" \/>\n<meta property=\"og:description\" content=\"In den Jahren 2024\u20132025 f\u00fchrten humanit\u00e4re Verhandlungen zur Freilassung Dutzender politischer Gefangener in Belarus. Zum ersten Mal seit Langem schien eine breitere Welle von Entlassungen m\u00f6glich. Jede einzelne Person, die frei kam, nutzte ein schmales Fenster der Gelegenheit \u2014 ge\u00f6ffnet durch Dialog und getragen von der Idee menschlicher W\u00fcrde.\" \/>\n<meta property=\"og:url\" content=\"https:\/\/releasenow.org\/de\/woo\/about-us\/\" \/>\n<meta property=\"og:site_name\" content=\"Release NOW\" \/>\n<meta property=\"article:modified_time\" content=\"2025-11-20T11:05:33+00:00\" \/>\n<meta property=\"og:image\" content=\"https:\/\/releasenow.org\/wp-content\/uploads\/2025\/08\/Initiative-Release-NOW-logo.jpg\" \/>\n\t<meta property=\"og:image:width\" content=\"2336\" \/>\n\t<meta property=\"og:image:height\" content=\"842\" \/>\n\t<meta property=\"og:image:type\" content=\"image\/jpeg\" \/>\n<meta name=\"twitter:card\" content=\"summary_large_image\" \/>\n<meta name=\"twitter:label1\" content=\"Gesch\u00e4tzte Lesezeit\" \/>\n\t<meta name=\"twitter:data1\" content=\"2\u00a0Minuten\" \/>\n<script type=\"application\/ld+json\" class=\"yoast-schema-graph\">{\"@context\":\"https:\\\/\\\/schema.org\",\"@graph\":[{\"@type\":\"WebPage\",\"@id\":\"https:\\\/\\\/releasenow.org\\\/de\\\/woo\\\/about-us\\\/\",\"url\":\"https:\\\/\\\/releasenow.org\\\/de\\\/woo\\\/about-us\\\/\",\"name\":\"\u00dcber das Fotoprojekt \u201eFenster der M\u00f6glichkeiten\u201c\",\"isPartOf\":{\"@id\":\"https:\\\/\\\/releasenow.org\\\/de\\\/#website\"},\"datePublished\":\"2025-11-18T13:14:26+00:00\",\"dateModified\":\"2025-11-20T11:05:33+00:00\",\"description\":\"In den Jahren 2024\u20132025 f\u00fchrten humanit\u00e4re Verhandlungen zur Freilassung Dutzender politischer Gefangener in Belarus. Zum ersten Mal seit Langem schien eine breitere Welle von Entlassungen m\u00f6glich. Jede einzelne Person, die frei kam, nutzte ein schmales Fenster der Gelegenheit \u2014 ge\u00f6ffnet durch Dialog und getragen von der Idee menschlicher W\u00fcrde.\",\"breadcrumb\":{\"@id\":\"https:\\\/\\\/releasenow.org\\\/de\\\/woo\\\/about-us\\\/#breadcrumb\"},\"inLanguage\":\"de\",\"potentialAction\":[{\"@type\":\"ReadAction\",\"target\":[\"https:\\\/\\\/releasenow.org\\\/de\\\/woo\\\/about-us\\\/\"]}]},{\"@type\":\"BreadcrumbList\",\"@id\":\"https:\\\/\\\/releasenow.org\\\/de\\\/woo\\\/about-us\\\/#breadcrumb\",\"itemListElement\":[{\"@type\":\"ListItem\",\"position\":1,\"name\":\"Release N:OW\",\"item\":\"https:\\\/\\\/releasenow.org\\\/de\\\/\"},{\"@type\":\"ListItem\",\"position\":2,\"name\":\"Fotoprojekt: Fenster der M\u00f6glichkeiten\",\"item\":\"https:\\\/\\\/releasenow.org\\\/de\\\/woo\\\/\"},{\"@type\":\"ListItem\",\"position\":3,\"name\":\"\u00dcber das Projekt\"}]},{\"@type\":\"WebSite\",\"@id\":\"https:\\\/\\\/releasenow.org\\\/de\\\/#website\",\"url\":\"https:\\\/\\\/releasenow.org\\\/de\\\/\",\"name\":\"Release N:OW\",\"description\":\"Free all political prisoners in Belarus!\",\"publisher\":{\"@id\":\"https:\\\/\\\/releasenow.org\\\/de\\\/#organization\"},\"alternateName\":\"Initiative Release NOW\",\"potentialAction\":[{\"@type\":\"SearchAction\",\"target\":{\"@type\":\"EntryPoint\",\"urlTemplate\":\"https:\\\/\\\/releasenow.org\\\/de\\\/?s={search_term_string}\"},\"query-input\":{\"@type\":\"PropertyValueSpecification\",\"valueRequired\":true,\"valueName\":\"search_term_string\"}}],\"inLanguage\":\"de\"},{\"@type\":\"Organization\",\"@id\":\"https:\\\/\\\/releasenow.org\\\/de\\\/#organization\",\"name\":\"Initiative Release NOW - Free All Political Prisoners in Belarus\",\"alternateName\":\"Initiative Release N:OW\",\"url\":\"https:\\\/\\\/releasenow.org\\\/de\\\/\",\"logo\":{\"@type\":\"ImageObject\",\"inLanguage\":\"de\",\"@id\":\"https:\\\/\\\/releasenow.org\\\/de\\\/#\\\/schema\\\/logo\\\/image\\\/\",\"url\":\"https:\\\/\\\/releasenow.org\\\/wp-content\\\/uploads\\\/2025\\\/08\\\/Initiative-Release-NOW.jpg\",\"contentUrl\":\"https:\\\/\\\/releasenow.org\\\/wp-content\\\/uploads\\\/2025\\\/08\\\/Initiative-Release-NOW.jpg\",\"width\":1972,\"height\":672,\"caption\":\"Initiative Release NOW - Free All Political Prisoners in Belarus\"},\"image\":{\"@id\":\"https:\\\/\\\/releasenow.org\\\/de\\\/#\\\/schema\\\/logo\\\/image\\\/\"}}]}<\/script>\n<!-- \/ Yoast SEO plugin. -->","yoast_head_json":{"title":"\u00dcber das Fotoprojekt \u201eFenster der M\u00f6glichkeiten\u201c","description":"In den Jahren 2024\u20132025 f\u00fchrten humanit\u00e4re Verhandlungen zur Freilassung Dutzender politischer Gefangener in Belarus. Zum ersten Mal seit Langem schien eine breitere Welle von Entlassungen m\u00f6glich. Jede einzelne Person, die frei kam, nutzte ein schmales Fenster der Gelegenheit \u2014 ge\u00f6ffnet durch Dialog und getragen von der Idee menschlicher W\u00fcrde.","robots":{"index":"index","follow":"follow","max-snippet":"max-snippet:-1","max-image-preview":"max-image-preview:large","max-video-preview":"max-video-preview:-1"},"canonical":"https:\/\/releasenow.org\/de\/woo\/about-us\/","og_locale":"de_DE","og_type":"article","og_title":"\u00dcber das Fotoprojekt \u201eFenster der M\u00f6glichkeiten\u201c","og_description":"In den Jahren 2024\u20132025 f\u00fchrten humanit\u00e4re Verhandlungen zur Freilassung Dutzender politischer Gefangener in Belarus. Zum ersten Mal seit Langem schien eine breitere Welle von Entlassungen m\u00f6glich. Jede einzelne Person, die frei kam, nutzte ein schmales Fenster der Gelegenheit \u2014 ge\u00f6ffnet durch Dialog und getragen von der Idee menschlicher W\u00fcrde.","og_url":"https:\/\/releasenow.org\/de\/woo\/about-us\/","og_site_name":"Release NOW","article_modified_time":"2025-11-20T11:05:33+00:00","og_image":[{"width":2336,"height":842,"url":"https:\/\/releasenow.org\/wp-content\/uploads\/2025\/08\/Initiative-Release-NOW-logo.jpg","type":"image\/jpeg"}],"twitter_card":"summary_large_image","twitter_misc":{"Gesch\u00e4tzte Lesezeit":"2\u00a0Minuten"},"schema":{"@context":"https:\/\/schema.org","@graph":[{"@type":"WebPage","@id":"https:\/\/releasenow.org\/de\/woo\/about-us\/","url":"https:\/\/releasenow.org\/de\/woo\/about-us\/","name":"\u00dcber das Fotoprojekt \u201eFenster der M\u00f6glichkeiten\u201c","isPartOf":{"@id":"https:\/\/releasenow.org\/de\/#website"},"datePublished":"2025-11-18T13:14:26+00:00","dateModified":"2025-11-20T11:05:33+00:00","description":"In den Jahren 2024\u20132025 f\u00fchrten humanit\u00e4re Verhandlungen zur Freilassung Dutzender politischer Gefangener in Belarus. Zum ersten Mal seit Langem schien eine breitere Welle von Entlassungen m\u00f6glich. Jede einzelne Person, die frei kam, nutzte ein schmales Fenster der Gelegenheit \u2014 ge\u00f6ffnet durch Dialog und getragen von der Idee menschlicher W\u00fcrde.","breadcrumb":{"@id":"https:\/\/releasenow.org\/de\/woo\/about-us\/#breadcrumb"},"inLanguage":"de","potentialAction":[{"@type":"ReadAction","target":["https:\/\/releasenow.org\/de\/woo\/about-us\/"]}]},{"@type":"BreadcrumbList","@id":"https:\/\/releasenow.org\/de\/woo\/about-us\/#breadcrumb","itemListElement":[{"@type":"ListItem","position":1,"name":"Release N:OW","item":"https:\/\/releasenow.org\/de\/"},{"@type":"ListItem","position":2,"name":"Fotoprojekt: Fenster der M\u00f6glichkeiten","item":"https:\/\/releasenow.org\/de\/woo\/"},{"@type":"ListItem","position":3,"name":"\u00dcber das Projekt"}]},{"@type":"WebSite","@id":"https:\/\/releasenow.org\/de\/#website","url":"https:\/\/releasenow.org\/de\/","name":"Release N:OW","description":"Free all political prisoners in Belarus!","publisher":{"@id":"https:\/\/releasenow.org\/de\/#organization"},"alternateName":"Initiative Release NOW","potentialAction":[{"@type":"SearchAction","target":{"@type":"EntryPoint","urlTemplate":"https:\/\/releasenow.org\/de\/?s={search_term_string}"},"query-input":{"@type":"PropertyValueSpecification","valueRequired":true,"valueName":"search_term_string"}}],"inLanguage":"de"},{"@type":"Organization","@id":"https:\/\/releasenow.org\/de\/#organization","name":"Initiative Release NOW - Free All Political Prisoners in Belarus","alternateName":"Initiative Release N:OW","url":"https:\/\/releasenow.org\/de\/","logo":{"@type":"ImageObject","inLanguage":"de","@id":"https:\/\/releasenow.org\/de\/#\/schema\/logo\/image\/","url":"https:\/\/releasenow.org\/wp-content\/uploads\/2025\/08\/Initiative-Release-NOW.jpg","contentUrl":"https:\/\/releasenow.org\/wp-content\/uploads\/2025\/08\/Initiative-Release-NOW.jpg","width":1972,"height":672,"caption":"Initiative Release NOW - Free All Political Prisoners in Belarus"},"image":{"@id":"https:\/\/releasenow.org\/de\/#\/schema\/logo\/image\/"}}]}},"_links":{"self":[{"href":"https:\/\/releasenow.org\/de\/wp-json\/wp\/v2\/pages\/7370","targetHints":{"allow":["GET"]}}],"collection":[{"href":"https:\/\/releasenow.org\/de\/wp-json\/wp\/v2\/pages"}],"about":[{"href":"https:\/\/releasenow.org\/de\/wp-json\/wp\/v2\/types\/page"}],"author":[{"embeddable":true,"href":"https:\/\/releasenow.org\/de\/wp-json\/wp\/v2\/users\/2"}],"replies":[{"embeddable":true,"href":"https:\/\/releasenow.org\/de\/wp-json\/wp\/v2\/comments?post=7370"}],"version-history":[{"count":2,"href":"https:\/\/releasenow.org\/de\/wp-json\/wp\/v2\/pages\/7370\/revisions"}],"predecessor-version":[{"id":7372,"href":"https:\/\/releasenow.org\/de\/wp-json\/wp\/v2\/pages\/7370\/revisions\/7372"}],"up":[{"embeddable":true,"href":"https:\/\/releasenow.org\/de\/wp-json\/wp\/v2\/pages\/7373"}],"wp:attachment":[{"href":"https:\/\/releasenow.org\/de\/wp-json\/wp\/v2\/media?parent=7370"}],"curies":[{"name":"wp","href":"https:\/\/api.w.org\/{rel}","templated":true}]}}